{"id":47,"date":"2024-08-04T19:19:48","date_gmt":"2024-08-04T19:19:48","guid":{"rendered":"https:\/\/africatimbers.com\/?page_id=47"},"modified":"2024-08-12T21:00:07","modified_gmt":"2024-08-12T21:00:07","slug":"hakkimizda","status":"publish","type":"page","link":"https:\/\/africatimbers.com\/?page_id=47","title":{"rendered":"Hakk\u0131m\u0131zda"},"content":{"rendered":"\t\t<div data-elementor-type=\"wp-page\" data-elementor-id=\"47\" class=\"elementor elementor-47\">\n\t\t\t\t<div class=\"elementor-element elementor-element-24fb3c0 e-flex e-con-boxed e-con e-parent\" data-id=\"24fb3c0\" data-element_type=\"container\" data-e-type=\"container\" data-settings=\"{&quot;background_background&quot;:&quot;classic&quot;}\">\n\t\t\t\t\t<div class=\"e-con-inner\">\n\t\t\t\t<div class=\"elementor-element elementor-element-2dd94b3 elementor-widget elementor-widget-heading\" data-id=\"2dd94b3\" data-element_type=\"widget\" data-e-type=\"widget\" data-widget_type=\"heading.default\">\n\t\t\t\t<div class=\"elementor-widget-container\">\n\t\t\t\t\t<h4 class=\"elementor-heading-title elementor-size-default\">Firmam\u0131z, Demokratik Kongo Cumhuriyeti\u2019nde faaliyet g\u00f6stererek Afrika b\u00f6lgesine ait a\u011fa\u00e7lardan kaliteli ve uygun fiyatl\u0131 keresteyi liman teslim olarak sunmaktad\u0131r. Kesim s\u00fcrecinin tarlada ba\u015flamas\u0131ndan itibaren a\u011fac\u0131n hikayesini takip ediyoruz. Sapelli ve Iroko gibi bu co\u011frafyan\u0131n nadide a\u011fa\u00e7lar\u0131yla projelerinize de\u011fer katabilir ve \u00fcr\u00fcn\u00fc do\u011frudan kayna\u011f\u0131ndan tedarik edebilirsiniz.<br><br>\nLiman Teslim: \u00dcr\u00fcnlerimizi, belirtti\u011finiz limana zaman\u0131nda ve g\u00fcvenli bir \u015fekilde teslim ediyoruz.<br>\n\n\u00d6zel Sipari\u015fler: Projelerinize \u00f6zel \u00f6l\u00e7\u00fc ve t\u00fcrde kereste taleplerinizi kar\u015f\u0131l\u0131yoruz.\n\n\n\n<\/h4>\t\t\t\t<\/div>\n\t\t\t\t<\/div>\n\t\t\t\t\t<\/div>\n\t\t\t\t<\/div>\n\t\t<div class=\"elementor-element elementor-element-19bca7f e-flex e-con-boxed e-con e-parent\" data-id=\"19bca7f\" data-element_type=\"container\" data-e-type=\"container\">\n\t\t\t\t\t<div class=\"e-con-inner\">\n\t\t<div class=\"elementor-element elementor-element-761d9e4 e-con-full e-flex e-con e-child\" data-id=\"761d9e4\" data-element_type=\"container\" data-e-type=\"container\" data-settings=\"{&quot;background_background&quot;:&quot;classic&quot;}\">\n\t\t\t\t<div class=\"elementor-element elementor-element-b417fb9 elementor-widget elementor-widget-heading\" data-id=\"b417fb9\" data-element_type=\"widget\" data-e-type=\"widget\" data-widget_type=\"heading.default\">\n\t\t\t\t<div class=\"elementor-widget-container\">\n\t\t\t\t\t<h3 class=\"elementor-heading-title elementor-size-default\">Hizmetlerimiz<\/h3>\t\t\t\t<\/div>\n\t\t\t\t<\/div>\n\t\t\t\t<div class=\"elementor-element elementor-element-b49dc82 elementor-widget elementor-widget-heading\" data-id=\"b49dc82\" data-element_type=\"widget\" data-e-type=\"widget\" data-widget_type=\"heading.default\">\n\t\t\t\t<div class=\"elementor-widget-container\">\n\t\t\t\t\t<h4 class=\"elementor-heading-title elementor-size-default\">Afrika a\u011fa\u00e7lar\u0131n\u0131 d\u00fcnyaya ta\u015f\u0131yoruz<\/h4>\t\t\t\t<\/div>\n\t\t\t\t<\/div>\n\t\t\t\t<div class=\"elementor-element elementor-element-17f4e43 elementor-widget elementor-widget-heading\" data-id=\"17f4e43\" data-element_type=\"widget\" data-e-type=\"widget\" data-widget_type=\"heading.default\">\n\t\t\t\t<div class=\"elementor-widget-container\">\n\t\t\t\t\t<h5 class=\"elementor-heading-title elementor-size-default\">Kesim ve \u0130\u015fleme: Tarlada ba\u015flayan kesim s\u00fcrecinden itibaren, a\u011fac\u0131n i\u015flenmesi ve nakliyesine kadar t\u00fcm a\u015famalar\u0131 titizlikle y\u00f6netiyoruz.<\/h5>\t\t\t\t<\/div>\n\t\t\t\t<\/div>\n\t\t\t\t<div class=\"elementor-element elementor-element-faf7534 elementor-widget elementor-widget-heading\" data-id=\"faf7534\" data-element_type=\"widget\" data-e-type=\"widget\" data-widget_type=\"heading.default\">\n\t\t\t\t<div class=\"elementor-widget-container\">\n\t\t\t\t\t<h5 class=\"elementor-heading-title elementor-size-default\">Liman Teslim: \u00dcr\u00fcnlerimizi, belirtti\u011finiz limana zaman\u0131nda ve g\u00fcvenli bir \u015fekilde teslim ediyoruz.<\/h5>\t\t\t\t<\/div>\n\t\t\t\t<\/div>\n\t\t\t\t<div class=\"elementor-element elementor-element-356671e elementor-widget elementor-widget-heading\" data-id=\"356671e\" data-element_type=\"widget\" data-e-type=\"widget\" data-widget_type=\"heading.default\">\n\t\t\t\t<div class=\"elementor-widget-container\">\n\t\t\t\t\t<h5 class=\"elementor-heading-title elementor-size-default\">\u00d6zel Sipari\u015fler: Projelerinize \u00f6zel \u00f6l\u00e7\u00fc ve t\u00fcrde kereste taleplerinizi kar\u015f\u0131l\u0131yoruz.<\/h5>\t\t\t\t<\/div>\n\t\t\t\t<\/div>\n\t\t\t\t<\/div>\n\t\t\t\t<div class=\"elementor-element elementor-element-418283f elementor-widget elementor-widget-image\" data-id=\"418283f\" data-element_type=\"widget\" data-e-type=\"widget\" data-widget_type=\"image.default\">\n\t\t\t\t<div class=\"elementor-widget-container\">\n\t\t\t\t\t\t\t\t\t\t\t\t\t\t\t<img fetchpriority=\"high\" decoding=\"async\" width=\"1024\" height=\"576\" src=\"https:\/\/africatimbers.com\/wp-content\/uploads\/2024\/08\/4-1024x576.jpg\" class=\"attachment-large size-large wp-image-74\" alt=\"\" srcset=\"https:\/\/africatimbers.com\/wp-content\/uploads\/2024\/08\/4-1024x576.jpg 1024w, https:\/\/africatimbers.com\/wp-content\/uploads\/2024\/08\/4-300x169.jpg 300w, https:\/\/africatimbers.com\/wp-content\/uploads\/2024\/08\/4-768x432.jpg 768w, https:\/\/africatimbers.com\/wp-content\/uploads\/2024\/08\/4-1536x864.jpg 1536w, https:\/\/africatimbers.com\/wp-content\/uploads\/2024\/08\/4.jpg 1920w\" sizes=\"(max-width: 1024px) 100vw, 1024px\" \/>\t\t\t\t\t\t\t\t\t\t\t\t\t\t\t<\/div>\n\t\t\t\t<\/div>\n\t\t\t\t\t<\/div>\n\t\t\t\t<\/div>\n\t\t<div class=\"elementor-element elementor-element-6a153d8 e-flex e-con-boxed e-con e-parent\" data-id=\"6a153d8\" data-element_type=\"container\" data-e-type=\"container\">\n\t\t\t\t\t<div class=\"e-con-inner\">\n\t\t<div class=\"elementor-element elementor-element-028fa26 e-con-full e-flex e-con e-child\" data-id=\"028fa26\" data-element_type=\"container\" data-e-type=\"container\">\n\t\t<div class=\"elementor-element elementor-element-bc3380e e-grid e-con-full e-con e-child\" data-id=\"bc3380e\" data-element_type=\"container\" data-e-type=\"container\" data-settings=\"{&quot;background_background&quot;:&quot;classic&quot;}\">\n\t\t\t\t<div class=\"elementor-element elementor-element-58ddc61 elementor-widget elementor-widget-heading\" data-id=\"58ddc61\" data-element_type=\"widget\" data-e-type=\"widget\" data-widget_type=\"heading.default\">\n\t\t\t\t<div class=\"elementor-widget-container\">\n\t\t\t\t\t<h4 class=\"elementor-heading-title elementor-size-default\">Kalite Garantisi: Her a\u015famada titizlikle kontrol edilen kerestelerimiz, y\u00fcksek kalite standartlar\u0131na uygundur.\n<\/h4>\t\t\t\t<\/div>\n\t\t\t\t<\/div>\n\t\t\t\t<div class=\"elementor-element elementor-element-cfe2aaf elementor-widget elementor-widget-heading\" data-id=\"cfe2aaf\" data-element_type=\"widget\" data-e-type=\"widget\" data-widget_type=\"heading.default\">\n\t\t\t\t<div class=\"elementor-widget-container\">\n\t\t\t\t\t<h4 class=\"elementor-heading-title elementor-size-default\">Uygun Fiyat: Rekabet\u00e7i fiyatlar\u0131m\u0131zla b\u00fct\u00e7enizi zorlamadan kaliteli \u00fcr\u00fcnlere ula\u015fabilirsiniz.\n<\/h4>\t\t\t\t<\/div>\n\t\t\t\t<\/div>\n\t\t\t\t<div class=\"elementor-element elementor-element-bf3e807 elementor-widget elementor-widget-heading\" data-id=\"bf3e807\" data-element_type=\"widget\" data-e-type=\"widget\" data-widget_type=\"heading.default\">\n\t\t\t\t<div class=\"elementor-widget-container\">\n\t\t\t\t\t<h4 class=\"elementor-heading-title elementor-size-default\">\u00c7evre Dostu: S\u00fcrd\u00fcr\u00fclebilir ormanc\u0131l\u0131k uygulamalar\u0131m\u0131zla do\u011faya sayg\u0131l\u0131 bir \u015fekilde \u00e7al\u0131\u015f\u0131yoruz.\n<\/h4>\t\t\t\t<\/div>\n\t\t\t\t<\/div>\n\t\t\t\t<div class=\"elementor-element elementor-element-2ebdb32 elementor-widget elementor-widget-heading\" data-id=\"2ebdb32\" data-element_type=\"widget\" data-e-type=\"widget\" data-widget_type=\"heading.default\">\n\t\t\t\t<div class=\"elementor-widget-container\">\n\t\t\t\t\t<h4 class=\"elementor-heading-title elementor-size-default\">Geni\u015f \u00dcr\u00fcn Yelpazesi: Sapelli, Iroko ve daha bir\u00e7ok nadide a\u011fa\u00e7 t\u00fcr\u00fc ile projelerinize \u00f6zel \u00e7\u00f6z\u00fcmler sunuyoruz.\n<\/h4>\t\t\t\t<\/div>\n\t\t\t\t<\/div>\n\t\t\t\t<div class=\"elementor-element elementor-element-ad79f66 elementor-widget elementor-widget-heading\" data-id=\"ad79f66\" data-element_type=\"widget\" data-e-type=\"widget\" data-widget_type=\"heading.default\">\n\t\t\t\t<div class=\"elementor-widget-container\">\n\t\t\t\t\t<h4 class=\"elementor-heading-title elementor-size-default\">M\u00fc\u015fteri Memnuniyeti: M\u00fc\u015fteri odakl\u0131 yakla\u015f\u0131m\u0131m\u0131zla, ihtiya\u00e7lar\u0131n\u0131za en uygun \u00e7\u00f6z\u00fcmleri sunmak i\u00e7in buraday\u0131z.\u200b<\/h4>\t\t\t\t<\/div>\n\t\t\t\t<\/div>\n\t\t\t\t<\/div>\n\t\t\t\t<\/div>\n\t\t\t\t\t<\/div>\n\t\t\t\t<\/div>\n\t\t\t\t<\/div>\n\t\t","protected":false},"excerpt":{"rendered":"<p>Firmam\u0131z, Demokratik Kongo Cumhuriyeti\u2019nde faaliyet g\u00f6stererek Afrika b\u00f6lgesine ait a\u011fa\u00e7lardan kaliteli ve uygun fiyatl\u0131 keresteyi liman teslim olarak sunmaktad\u0131r. Kesim s\u00fcrecinin tarlada ba\u015flamas\u0131ndan itibaren a\u011fac\u0131n hikayesini takip ediyoruz. Sapelli ve Iroko gibi bu co\u011frafyan\u0131n nadide a\u011fa\u00e7lar\u0131yla projelerinize de\u011fer katabilir ve \u00fcr\u00fcn\u00fc do\u011frudan kayna\u011f\u0131ndan tedarik edebilirsiniz. Liman Teslim: \u00dcr\u00fcnlerimizi, belirtti\u011finiz limana zaman\u0131nda ve g\u00fcvenli bir \u015fekilde [&hellip;]<\/p>\n","protected":false},"author":1,"featured_media":0,"parent":0,"menu_order":0,"comment_status":"closed","ping_status":"closed","template":"page-templates\/full-width-page.php","meta":{"footnotes":""},"class_list":["post-47","page","type-page","status-publish","hentry"],"_links":{"self":[{"href":"https:\/\/africatimbers.com\/index.php?rest_route=\/wp\/v2\/pages\/47","targetHints":{"allow":["GET"]}}],"collection":[{"href":"https:\/\/africatimbers.com\/index.php?rest_route=\/wp\/v2\/pages"}],"about":[{"href":"https:\/\/africatimbers.com\/index.php?rest_route=\/wp\/v2\/types\/page"}],"author":[{"embeddable":true,"href":"https:\/\/africatimbers.com\/index.php?rest_route=\/wp\/v2\/users\/1"}],"replies":[{"embeddable":true,"href":"https:\/\/africatimbers.com\/index.php?rest_route=%2Fwp%2Fv2%2Fcomments&post=47"}],"version-history":[{"count":20,"href":"https:\/\/africatimbers.com\/index.php?rest_route=\/wp\/v2\/pages\/47\/revisions"}],"predecessor-version":[{"id":230,"href":"https:\/\/africatimbers.com\/index.php?rest_route=\/wp\/v2\/pages\/47\/revisions\/230"}],"wp:attachment":[{"href":"https:\/\/africatimbers.com\/index.php?rest_route=%2Fwp%2Fv2%2Fmedia&parent=47"}],"curies":[{"name":"wp","href":"https:\/\/api.w.org\/{rel}","templated":true}]}}